{"id":206,"date":"2022-08-30T13:49:32","date_gmt":"2022-08-30T13:49:32","guid":{"rendered":"https:\/\/staging.takabouger.ca\/?page_id=206"},"modified":"2022-11-02T14:29:17","modified_gmt":"2022-11-02T14:29:17","slug":"services","status":"publish","type":"page","link":"https:\/\/takabouger.ca\/index.php\/services\/","title":{"rendered":"Services"},"content":{"rendered":"<div class=\"wpb-content-wrapper\"><p>[vc_section bklyn_section_anchor_id=&#8221;Nos Services&#8221;][vc_row][vc_column]<div class=\"wpb_content_element \"><style type=\"text\/css\">#ut_header_69f5dcdadb688 h1.page-title { font-size:46px !important;letter-spacing:0.02em; }#ut_header_69f5dcdadb688 h1.page-title { margin-bottom:20px; }<\/style><header id=\"ut_header_69f5dcdadb688\" class=\"page-header page-title-module  ut-no-title-linebreak-mobile ut-no-lead-linebreak-mobile pt-style-7 header-center header-tablet-center header-mobile-center\"><h1 data-title=\"NOS SERVICES\"  data-responsive-font=\"page_title\" data-responsive-font-settings=\"{&quot;base-font-size&quot;:&quot;global&quot;,&quot;font-size&quot;:{&quot;desktop_large&quot;:&quot;46&quot;},&quot;base-line-height&quot;:&quot;global&quot;,&quot;base-letter-spacing&quot;:&quot;global&quot;,&quot;letter-spacing&quot;:{&quot;desktop_large&quot;:&quot;0.02&quot;}}\" class=\"page-title  \"><span>NOS SERVICES<\/span><\/h1><\/header><\/div>[vc_separator color=&#8221;custom&#8221; border_width=&#8221;3&#8243; accent_color=&#8221;#9bd7d1&#8243;][vc_row_inner][vc_column_inner width=&#8221;1\/2&#8243;]<div data-effect=\"fadeIn\" data-animateonce=\"yes\" data-delay=\"0\" class=\"wpb_content_element ut-animate-image animated  clearfix\"><style type=\"text\/css\">#ut_am_69f5dcdadf842 { opacity: 1; }#ut_am_wrap_69f5dcdadf845 .ut-image-gallery-item-caption-title h3 { letter-spacing: 0em; }#ut_am_wrap_69f5dcdadf845 .ut-gallery-slider-caption { font-weight: bold; }#ut_am_wrap_69f5dcdadf845 { text-align: center; }@media (min-width: 768px) and (max-width: 1024px) { #ut_am_wrap_69f5dcdadf845 { text-align: center !important; } }@media (max-width: 767px) { #ut_am_wrap_69f5dcdadf845 { text-align: center !important; } }<\/style><div id=\"ut_am_wrap_69f5dcdadf845\" class=\"ut-image-gallery-image \"><div id=\"ut_reveal_69f5dcdadf846\"  data-appear-top-offset=\"auto\" class=\"ut-animated-image-item ut-image-gallery-item ut-animation-done \"><a class=\"ut-deactivated-link\" href=\"#\"><div class=\"ut-animated-image-zoom\"><img loading=\"lazy\" decoding=\"async\" class=\"ut-lazy skip-lazy ut-animated-image \"  id=\"ut_am_69f5dcdadf842\" src=\"data:image\/svg+xml;charset=utf-8,%3Csvg xmlns%3D'http%3A%2F%2Fwww.w3.org%2F2000%2Fsvg' viewBox%3D'0 0 6000 4000'%2F%3E\" data-src=\"https:\/\/takabouger.ca\/wp-content\/uploads\/2022\/11\/taka-o-presco-service-1.jpg\" width=\"6000\" height=\"4000\" alt=\"\"\/><\/div><\/a><\/div><\/div><\/div>[\/vc_column_inner][vc_column_inner width=&#8221;1\/2&#8243;]<div class=\"wpb_content_element \"><style type=\"text\/css\">#ut_header_69f5dcdadfc90 h1.page-title { font-size:36px !important;letter-spacing:0.02em; }#ut_header_69f5dcdadfc90 h1.page-title { margin-bottom:20px; }<\/style><header id=\"ut_header_69f5dcdadfc90\" class=\"page-header page-title-module  ut-no-title-linebreak-mobile ut-no-lead-linebreak-mobile pt-style-7 header-left header-tablet-left header-mobile-center\"><h1 data-title=\"Taka O\u2019 Pr\u00e9sco\" data-effect=\"fadeIn\" data-animateonce=\"yes\" data-delay=\"0\" data-responsive-font=\"page_title\" data-responsive-font-settings=\"{&quot;base-font-size&quot;:&quot;36&quot;,&quot;font-size-unit&quot;:&quot;px&quot;,&quot;font-size&quot;:{&quot;desktop_large&quot;:&quot;36&quot;},&quot;base-line-height&quot;:&quot;global&quot;,&quot;base-letter-spacing&quot;:&quot;global&quot;,&quot;letter-spacing&quot;:{&quot;desktop_large&quot;:&quot;0.02&quot;}}\" class=\"page-title ut-animate-element animated ut-no-animation-tablet ut-no-animation-mobile \"><span>Taka O\u2019 Pr\u00e9sco<\/span><\/h1><\/header><\/div>[vc_column_text]Le programme TAKABOUGER pour les tout-petits est id\u00e9al pour la client\u00e8le de 4 \u00e0 6 ans. Les enfants pourront d\u00e9couvrir les bienfaits de l\u2019activit\u00e9 physique dans un univers imaginaire. On d\u00e9veloppe la confiance en soi, les \u00e9motions, la communication, le go\u00fbt de bouger et la pers\u00e9v\u00e9rance \u00e0 travers la danse<strong>!<\/strong><\/p>\n<p><strong>Plus de d\u00e9tails\u00a0:<\/strong><\/p>\n<ul>\n<li>Un programme actif, ludique et \u00e9ducatif pour vos petits<\/li>\n<li>Disponible \u00e0 l\u2019\u00e9cole (classe, local, gymnase) et en CPE. Atelier de 45-60 minutes. Minimum de 2 ateliers pour se d\u00e9placer. Soumission par courriel.<\/li>\n<\/ul>\n<p><strong>Au programme\u00a0:<\/strong><\/p>\n<ul>\n<li>Le r\u00e9veil matin TAKABOUGER<\/li>\n<li>Les danses enflamm\u00e9es!<\/li>\n<li>Raconte-moi une histoire\u2026 Et danse\u00a0!<\/li>\n<li>Le yoga de la jungle<\/li>\n<\/ul>\n<p>[\/vc_column_text][\/vc_column_inner][\/vc_row_inner][vc_row_inner][vc_column_inner width=&#8221;1\/2&#8243;]<div class=\"wpb_content_element \"><style type=\"text\/css\">#ut_header_69f5dcdae067d h1.page-title { font-size:36px !important;letter-spacing:0.02em; }#ut_header_69f5dcdae067d h1.page-title { margin-bottom:20px; }<\/style><header id=\"ut_header_69f5dcdae067d\" class=\"page-header page-title-module  ut-no-title-linebreak-mobile ut-no-lead-linebreak-mobile pt-style-7 header-left header-tablet-left header-mobile-center\"><h1 data-title=\"Le spectacle TAKABOUGER jeune public 5 \u00e0 12 ans\" data-effect=\"fadeIn\" data-animateonce=\"yes\" data-delay=\"0\" data-responsive-font=\"page_title\" data-responsive-font-settings=\"{&quot;base-font-size&quot;:&quot;36&quot;,&quot;font-size-unit&quot;:&quot;px&quot;,&quot;font-size&quot;:{&quot;desktop_large&quot;:&quot;36&quot;},&quot;base-line-height&quot;:&quot;global&quot;,&quot;base-letter-spacing&quot;:&quot;global&quot;,&quot;letter-spacing&quot;:{&quot;desktop_large&quot;:&quot;0.02&quot;}}\" class=\"page-title ut-animate-element animated ut-no-animation-tablet ut-no-animation-mobile \"><span>Le spectacle TAKABOUGER jeune public 5 \u00e0 12 ans<\/span><\/h1><\/header><\/div>[vc_column_text]Disponible pour les \u00e9coles\/ les villes \/ les camps de jour<\/p>\n<p>Un spectacle interactif de 60 minutes. Apprenez des mouvements et des danses plus \u00e9nergiques les unes que les autres. D\u00e9couvrez l\u2019univers des danseurs de TAKABOUGER et appr\u00e9ciez leur talent en regardant des performances \u00e9poustouflantes\u00a0!<\/p>\n<p><strong>D\u00e9tails :\u00a0\u00a0<\/strong><\/p>\n<ul>\n<li>Repr\u00e9sentation de 60 minutes<\/li>\n<li>Les enfants sont actifs par le biais de danses et chor\u00e9graphies avec nos danseurs en alternance avec des performances afin de leur donner des moments de repos.<\/li>\n<li>Environ 40 minutes d\u2019activit\u00e9 physique!<\/li>\n<li>Plusieurs repr\u00e9sentations possibles<\/li>\n<li>Possibilit\u00e9 de s\u00e9parer spectacle petit et grand<\/li>\n<\/ul>\n<p>[\/vc_column_text][\/vc_column_inner][vc_column_inner width=&#8221;1\/2&#8243;]<div data-effect=\"fadeIn\" data-animateonce=\"yes\" data-delay=\"0\" class=\"wpb_content_element ut-animate-image animated  clearfix\"><style type=\"text\/css\">#ut_am_69f5dcdae0f19 { opacity: 1; }#ut_am_wrap_69f5dcdae0f1a .ut-image-gallery-item-caption-title h3 { letter-spacing: 0em; }#ut_am_wrap_69f5dcdae0f1a .ut-gallery-slider-caption { font-weight: bold; }#ut_am_wrap_69f5dcdae0f1a { text-align: center; }@media (min-width: 768px) and (max-width: 1024px) { #ut_am_wrap_69f5dcdae0f1a { text-align: center !important; } }@media (max-width: 767px) { #ut_am_wrap_69f5dcdae0f1a { text-align: center !important; } }<\/style><div id=\"ut_am_wrap_69f5dcdae0f1a\" class=\"ut-image-gallery-image \"><div id=\"ut_reveal_69f5dcdae0f1b\"  data-appear-top-offset=\"auto\" class=\"ut-animated-image-item ut-image-gallery-item ut-animation-done \"><a class=\"ut-deactivated-link\" href=\"#\"><div class=\"ut-animated-image-zoom\"><img loading=\"lazy\" decoding=\"async\" class=\"ut-lazy skip-lazy ut-animated-image \"  id=\"ut_am_69f5dcdae0f19\" src=\"data:image\/svg+xml;charset=utf-8,%3Csvg xmlns%3D'http%3A%2F%2Fwww.w3.org%2F2000%2Fsvg' viewBox%3D'0 0 4032 3024'%2F%3E\" data-src=\"https:\/\/takabouger.ca\/wp-content\/uploads\/2022\/11\/spectacle-jeune-public.jpg\" width=\"4032\" height=\"3024\" alt=\"\"\/><\/div><\/a><\/div><\/div><\/div>[\/vc_column_inner][\/vc_row_inner][vc_row_inner][vc_column_inner width=&#8221;1\/2&#8243;]<div data-effect=\"fadeIn\" data-animateonce=\"yes\" data-delay=\"0\" class=\"wpb_content_element ut-animate-image animated  clearfix\"><style type=\"text\/css\">#ut_am_69f5dcdae10bf { opacity: 1; }#ut_am_wrap_69f5dcdae10c0 .ut-image-gallery-item-caption-title h3 { letter-spacing: 0em; }#ut_am_wrap_69f5dcdae10c0 .ut-gallery-slider-caption { font-weight: bold; }#ut_am_wrap_69f5dcdae10c0 { text-align: center; }@media (min-width: 768px) and (max-width: 1024px) { #ut_am_wrap_69f5dcdae10c0 { text-align: center !important; } }@media (max-width: 767px) { #ut_am_wrap_69f5dcdae10c0 { text-align: center !important; } }<\/style><div id=\"ut_am_wrap_69f5dcdae10c0\" class=\"ut-image-gallery-image \"><div id=\"ut_reveal_69f5dcdae10c1\"  data-appear-top-offset=\"auto\" class=\"ut-animated-image-item ut-image-gallery-item ut-animation-done \"><a class=\"ut-deactivated-link\" href=\"#\"><div class=\"ut-animated-image-zoom\"><img loading=\"lazy\" decoding=\"async\" class=\"ut-lazy skip-lazy ut-animated-image \"  id=\"ut_am_69f5dcdae10bf\" src=\"data:image\/svg+xml;charset=utf-8,%3Csvg xmlns%3D'http%3A%2F%2Fwww.w3.org%2F2000%2Fsvg' viewBox%3D'0 0 1440 1216'%2F%3E\" data-src=\"https:\/\/takabouger.ca\/wp-content\/uploads\/2022\/11\/animation-et-atelier_.jpg\" width=\"1440\" height=\"1216\" alt=\"\"\/><\/div><\/a><\/div><\/div><\/div>[\/vc_column_inner][vc_column_inner width=&#8221;1\/2&#8243;]<div class=\"wpb_content_element \"><style type=\"text\/css\">#ut_header_69f5dcdae1469 h1.page-title { font-size:36px !important;letter-spacing:0.02em; }#ut_header_69f5dcdae1469 h1.page-title { margin-bottom:20px; }<\/style><header id=\"ut_header_69f5dcdae1469\" class=\"page-header page-title-module  ut-no-title-linebreak-mobile ut-no-lead-linebreak-mobile pt-style-7 header-left header-tablet-left header-mobile-center\"><h1 data-title=\"Animations et ateliers\" data-effect=\"fadeIn\" data-animateonce=\"yes\" data-delay=\"0\" data-responsive-font=\"page_title\" data-responsive-font-settings=\"{&quot;base-font-size&quot;:&quot;36&quot;,&quot;font-size-unit&quot;:&quot;px&quot;,&quot;font-size&quot;:{&quot;desktop_large&quot;:&quot;36&quot;},&quot;base-line-height&quot;:&quot;global&quot;,&quot;base-letter-spacing&quot;:&quot;global&quot;,&quot;letter-spacing&quot;:{&quot;desktop_large&quot;:&quot;0.02&quot;}}\" class=\"page-title ut-animate-element animated ut-no-animation-tablet ut-no-animation-mobile \"><span>Animations et ateliers<\/span><\/h1><\/header><\/div>[vc_column_text]Pour vivre une exp\u00e9rience \u00e9nergisante ! Bougez et dansez au rythme de la musique avec les danses originales et ludiques de TAKABOUGER ! Notre \u00e9quipe arrive avec tout son \u00e9quipement pour vous cr\u00e9er une ambiance festive.\u00a0 (Soumission par courriel)<\/p>\n<p><strong>Details\u00a0:<\/strong><\/p>\n<ul>\n<li>Animation pour une grande foule dans la cour d\u2019\u00e9cole et au gymnase<\/li>\n<li>Disponible pour les parcs des villes ou pour les festivals<\/li>\n<li>Formule journ\u00e9es p\u00e9dagogiques pour les services de garde<\/li>\n<li>Atelier en petit groupe (25 \u00e0 30 \u00e9l\u00e8ves) 2h minimum pour d\u00e9placement<\/li>\n<\/ul>\n<p>[\/vc_column_text][\/vc_column_inner][\/vc_row_inner][vc_row_inner][vc_column_inner width=&#8221;1\/2&#8243;]<div class=\"wpb_content_element \"><style type=\"text\/css\">#ut_header_69f5dcdae1eff h1.page-title { font-size:36px !important;letter-spacing:0.02em; }#ut_header_69f5dcdae1eff h1.page-title { margin-bottom:20px; }<\/style><header id=\"ut_header_69f5dcdae1eff\" class=\"page-header page-title-module  ut-no-title-linebreak-mobile ut-no-lead-linebreak-mobile pt-style-7 header-left header-tablet-left header-mobile-center\"><h1 data-title=\"Parascolaire\" data-effect=\"fadeIn\" data-animateonce=\"yes\" data-delay=\"0\" data-responsive-font=\"page_title\" data-responsive-font-settings=\"{&quot;base-font-size&quot;:&quot;36&quot;,&quot;font-size-unit&quot;:&quot;px&quot;,&quot;font-size&quot;:{&quot;desktop_large&quot;:&quot;36&quot;},&quot;base-line-height&quot;:&quot;global&quot;,&quot;base-letter-spacing&quot;:&quot;global&quot;,&quot;letter-spacing&quot;:{&quot;desktop_large&quot;:&quot;0.02&quot;}}\" class=\"page-title ut-animate-element animated ut-no-animation-tablet ut-no-animation-mobile \"><span>Parascolaire<\/span><\/h1><\/header><\/div>[vc_column_text]La belle \u00e9quipe d\u2019animateurs-danseurs TAKABOUGER se d\u00e9place \u00e0 travers la grande r\u00e9gion de Montr\u00e9al pour faire bouger les enfants. Client\u00e8le de maternelle \u00e0 6<sup>e<\/sup> ann\u00e9e. Des styles diff\u00e9rents selon le go\u00fbt et le besoin des \u00e9coles. Hip-hop, gumboots, cardio-danse, breakdance et plus encore! (Soumission par courriel)<\/p>\n<p><strong>D\u00e9tails\u00a0:<\/strong><\/p>\n<ul>\n<li>Une session de 7 rencontres + un spectacle inclus en soir\u00e9e. (Possibilit\u00e9 de prolonger les sessions sur mesure)<\/li>\n<li>Service cl\u00e9 en main avec gestion des inscriptions, listes des pr\u00e9sences et communications aux parents.<\/li>\n<li>Re\u00e7u d\u2019imp\u00f4t<\/li>\n<li>TAKABOUGER arrive avec tout le mat\u00e9riel requis.<\/li>\n<li>Choix du style par l\u2019\u00e9cole<\/li>\n<\/ul>\n<p>[\/vc_column_text][\/vc_column_inner][vc_column_inner width=&#8221;1\/2&#8243;]<div data-effect=\"fadeIn\" data-animateonce=\"yes\" data-delay=\"0\" class=\"wpb_content_element ut-animate-image animated  clearfix\"><style type=\"text\/css\">#ut_am_69f5dcdae27c5 { opacity: 1; }#ut_am_wrap_69f5dcdae27c6 .ut-image-gallery-item-caption-title h3 { letter-spacing: 0em; }#ut_am_wrap_69f5dcdae27c6 .ut-gallery-slider-caption { font-weight: bold; }#ut_am_wrap_69f5dcdae27c6 { text-align: center; }@media (min-width: 768px) and (max-width: 1024px) { #ut_am_wrap_69f5dcdae27c6 { text-align: center !important; } }@media (max-width: 767px) { #ut_am_wrap_69f5dcdae27c6 { text-align: center !important; } }<\/style><div id=\"ut_am_wrap_69f5dcdae27c6\" class=\"ut-image-gallery-image \"><div id=\"ut_reveal_69f5dcdae27c7\"  data-appear-top-offset=\"auto\" class=\"ut-animated-image-item ut-image-gallery-item ut-animation-done \"><a class=\"ut-deactivated-link\" href=\"#\"><div class=\"ut-animated-image-zoom\"><img loading=\"lazy\" decoding=\"async\" class=\"ut-lazy skip-lazy ut-animated-image \"  id=\"ut_am_69f5dcdae27c5\" src=\"data:image\/svg+xml;charset=utf-8,%3Csvg xmlns%3D'http%3A%2F%2Fwww.w3.org%2F2000%2Fsvg' viewBox%3D'0 0 4032 3024'%2F%3E\" data-src=\"https:\/\/takabouger.ca\/wp-content\/uploads\/2022\/11\/parascolaire-service_.jpg\" width=\"4032\" height=\"3024\" alt=\"\"\/><\/div><\/a><\/div><\/div><\/div>[\/vc_column_inner][\/vc_row_inner][\/vc_column][\/vc_row][\/vc_section]<style>.vc_custom_1683725175431{background-color: rgba(224, 228, 218, 0.5) !important;*background-color: rgba(224,228, 218, 0.5) !important;}<\/style><div class=\"wpb-content-wrapper\"><p>[vc_section bklyn_section_anchor_id=&#8221;Contact&#8221; css=&#8221;.vc_custom_1683725175431{background-color: rgba(224, 228, 218, 0.5) !important;*background-color: rgba(224,228, 218, 0.5) !important;}&#8221;][vc_row][vc_column][vc_row_inner][vc_column_inner width=&#8221;1\/2&#8243;]<div class=\"wpb_content_element \"><style type=\"text\/css\">#ut_header_69f5dcdae3040 h1.page-title { font-size:36px !important;letter-spacing:0.02em; }#ut_header_69f5dcdae3040 h1.page-title { margin-bottom:20px; }<\/style><header id=\"ut_header_69f5dcdae3040\" class=\"page-header page-title-module  ut-no-title-linebreak-mobile ut-no-lead-linebreak-mobile pt-style-7 header-left header-tablet-left header-mobile-center\"><h1 data-title=\"CONTACTEZ-NOUS\" data-effect=\"fadeIn\" data-animateonce=\"yes\" data-delay=\"0\" data-responsive-font=\"page_title\" data-responsive-font-settings=\"{&quot;base-font-size&quot;:&quot;36&quot;,&quot;font-size-unit&quot;:&quot;px&quot;,&quot;font-size&quot;:{&quot;desktop_large&quot;:&quot;36&quot;},&quot;base-line-height&quot;:&quot;global&quot;,&quot;base-letter-spacing&quot;:&quot;global&quot;,&quot;letter-spacing&quot;:{&quot;desktop_large&quot;:&quot;0.02&quot;}}\" class=\"page-title ut-animate-element animated ut-no-animation-tablet ut-no-animation-mobile \"><span>CONTACTEZ-NOUS<\/span><\/h1><div data-effect=\"fadeIn\" data-animateonce=\"yes\" data-delay=\"0\" class=\"lead ut-animate-element animated ut-no-animation-tablet ut-no-animation-mobile\"><p><b>TAKABOUGER Montr\u00e9al<\/b><br \/>\nJulie Fortier<br \/>\n<a href=\"mailto:julie@takabouger.ca\">julie@takabouger.ca<\/a><br \/>\n514-942-8112<\/p>\n<p><b>TKBG Qu\u00e9bec<\/b><br \/>\n\u00c9milie Arsenault<br \/>\n<a href=\"Info.tkbg@gmail.com\">Info.tkbg@gmail.com<\/a><br \/>\n418-580-1699<\/p>\n<\/div><\/header><\/div>[\/vc_column_inner][vc_column_inner width=&#8221;1\/2&#8243;][vc_column_text]<div class=\"frm_forms  with_frm_style frm_style_formidable-style\" id=\"frm_form_5_container\" data-token=\"b27865a1952918c8c03cf1805ab60594\">\n<form enctype=\"multipart\/form-data\" method=\"post\" class=\"frm-show-form  frm_pro_form \" id=\"form_contactez-nous\" data-token=\"b27865a1952918c8c03cf1805ab60594\">\n<div class=\"frm_form_fields \">\n<fieldset>\n<legend class=\"frm_screen_reader\">Contactez-Nous<\/legend>\r\n\r\n<div class=\"frm_fields_container\">\n<input type=\"hidden\" name=\"frm_action\" value=\"create\" \/>\n<input type=\"hidden\" name=\"form_id\" value=\"5\" \/>\n<input type=\"hidden\" name=\"frm_hide_fields_5\" id=\"frm_hide_fields_5\" value=\"\" \/>\n<input type=\"hidden\" name=\"form_key\" value=\"contactez-nous\" \/>\n<input type=\"hidden\" name=\"item_meta[0]\" value=\"\" \/>\n<input type=\"hidden\" id=\"frm_submit_entry_5\" name=\"frm_submit_entry_5\" value=\"96b0bccb61\" \/><input type=\"hidden\" name=\"_wp_http_referer\" value=\"\/index.php\/wp-json\/wp\/v2\/pages\/206\" \/><div id=\"frm_field_162_container\" class=\"frm_form_field form-field  frm_required_field frm_top_container frm_first frm_half\">\r\n    <label for=\"field_qh4icy2\" id=\"field_qh4icy2_label\" class=\"frm_primary_label\">Nom \r\n        <span class=\"frm_required\" aria-hidden=\"true\">*<\/span>\r\n    <\/label>\r\n    <input type=\"text\" id=\"field_qh4icy2\" name=\"item_meta[162]\" value=\"\"  data-reqmsg=\"Ce champ ne peut \u00eatre vide.\" aria-required=\"true\" data-invmsg=\"Name is invalid\" aria-invalid=\"false\"  \/>\r\n    \r\n    \r\n<\/div>\n<div id=\"frm_field_163_container\" class=\"frm_form_field form-field  frm_required_field frm_hidden_container frm_half\">\r\n    <label for=\"field_ocfup12\" id=\"field_ocfup12_label\" class=\"frm_primary_label\">Nom de famille\r\n        <span class=\"frm_required\" aria-hidden=\"true\">*<\/span>\r\n    <\/label>\r\n    <input type=\"text\" id=\"field_ocfup12\" name=\"item_meta[163]\" value=\"\"  data-reqmsg=\"Ce champ ne peut \u00eatre vide.\" aria-required=\"true\" data-invmsg=\"Last is invalid\" aria-invalid=\"false\"  \/>\r\n    \r\n    \r\n<\/div>\n<div id=\"frm_field_164_container\" class=\"frm_form_field form-field  frm_required_field frm_top_container frm_full\">\r\n    <label for=\"field_29yf4d2\" id=\"field_29yf4d2_label\" class=\"frm_primary_label\">Courriel\r\n        <span class=\"frm_required\" aria-hidden=\"true\">*<\/span>\r\n    <\/label>\r\n    <input type=\"email\" id=\"field_29yf4d2\" name=\"item_meta[164]\" value=\"\"  data-reqmsg=\"Ce champ ne peut \u00eatre vide.\" aria-required=\"true\" data-invmsg=\"Please enter a valid email address\" aria-invalid=\"false\"  \/>\r\n    \r\n    \r\n<\/div>\n<div id=\"frm_field_165_container\" class=\"frm_form_field form-field  frm_required_field frm_top_container frm_full\">\r\n    <label for=\"field_e6lis62\" id=\"field_e6lis62_label\" class=\"frm_primary_label\">Sujet\r\n        <span class=\"frm_required\" aria-hidden=\"true\">*<\/span>\r\n    <\/label>\r\n    <input type=\"text\" id=\"field_e6lis62\" name=\"item_meta[165]\" value=\"\"  data-reqmsg=\"Ce champ ne peut \u00eatre vide.\" aria-required=\"true\" data-invmsg=\"Subject is invalid\" aria-invalid=\"false\"  \/>\r\n    \r\n    \r\n<\/div>\n<div id=\"frm_field_166_container\" class=\"frm_form_field form-field  frm_required_field frm_top_container frm_full\">\r\n    <label for=\"field_9jv0r12\" id=\"field_9jv0r12_label\" class=\"frm_primary_label\">Message\r\n        <span class=\"frm_required\" aria-hidden=\"true\">*<\/span>\r\n    <\/label>\r\n    <textarea name=\"item_meta[166]\" id=\"field_9jv0r12\" rows=\"5\"  data-reqmsg=\"Ce champ ne peut \u00eatre vide.\" aria-required=\"true\" data-invmsg=\"Message is invalid\" aria-invalid=\"false\"  ><\/textarea>\r\n    \r\n    \r\n<\/div>\n<div id=\"frm_field_797_container\" class=\"frm_form_field form-field \">\r\n\t<div class=\"frm_submit\">\r\n\r\n<button class=\"frm_button_submit frm_final_submit\" type=\"submit\"   formnovalidate=\"formnovalidate\">Soumettre<\/button>\r\n\r\n<\/div>\r\n<\/div>\n\t<input type=\"hidden\" name=\"item_key\" value=\"\" \/>\n\t\t\t\t<div class=\"frm__6564b39dbb1ce\">\n\t\t\t\t<label for=\"frm_email_5\" >\n\t\t\t\t\tIf you are human, leave this field blank.\t\t\t\t<\/label>\n\t\t\t\t<input  id=\"frm_email_5\" type=\"text\" class=\"frm_verify\" name=\"frm__6564b39dbb1ce\" value=\"\" autocomplete=\"off\"  \/>\n\t\t\t<\/div>\n\t\t<input name=\"frm_state\" type=\"hidden\" value=\"DU3iMxGxNmGl1+BoisIdx6edjEPkIhzoUvsJfjTr940=\" \/><\/div>\n<\/fieldset>\n<\/div>\n<p style=\"display: none !important;\" class=\"akismet-fields-container\" data-prefix=\"ak_\"><label>&#916;<textarea name=\"ak_hp_textarea\" cols=\"45\" rows=\"8\" maxlength=\"100\"><\/textarea><\/label><input type=\"hidden\" id=\"ak_js_1\" name=\"ak_js\" value=\"129\"\/><script>document.getElementById( \"ak_js_1\" ).setAttribute( \"value\", ( new Date() ).getTime() );<\/script><\/p><\/form>\n<\/div>\n[\/vc_column_text][\/vc_column_inner][\/vc_row_inner][\/vc_column][\/vc_row][\/vc_section]<\/p>\n<\/div>\n<\/div>","protected":false},"excerpt":{"rendered":"<p>[vc_section bklyn_section_anchor_id=&#8221;Nos Services&#8221;][vc_row][vc_column][vc_separator color=&#8221;custom&#8221; border_width=&#8221;3&#8243; accent_color=&#8221;#9bd7d1&#8243;][vc_row_inner][vc_column_inner width=&#8221;1\/2&#8243;][\/vc_column_inner][vc_column_inner width=&#8221;1\/2&#8243;][vc_column_text]Le programme TAKABOUGER pour les tout-petits est id\u00e9al pour la client\u00e8le de 4 \u00e0 6 ans. Les enfants pourront d\u00e9couvrir les bienfaits de l\u2019activit\u00e9 physique dans un univers imaginaire. On d\u00e9veloppe la confiance en soi, les \u00e9motions, la communication, le go\u00fbt de bouger et la pers\u00e9v\u00e9rance \u00e0 travers [&hellip;]<\/p>\n","protected":false},"author":1,"featured_media":0,"parent":0,"menu_order":0,"comment_status":"closed","ping_status":"closed","template":"","meta":{"footnotes":""},"class_list":["post-206","page","type-page","status-publish","hentry"],"_links":{"self":[{"href":"https:\/\/takabouger.ca\/index.php\/wp-json\/wp\/v2\/pages\/206","targetHints":{"allow":["GET"]}}],"collection":[{"href":"https:\/\/takabouger.ca\/index.php\/wp-json\/wp\/v2\/pages"}],"about":[{"href":"https:\/\/takabouger.ca\/index.php\/wp-json\/wp\/v2\/types\/page"}],"author":[{"embeddable":true,"href":"https:\/\/takabouger.ca\/index.php\/wp-json\/wp\/v2\/users\/1"}],"replies":[{"embeddable":true,"href":"https:\/\/takabouger.ca\/index.php\/wp-json\/wp\/v2\/comments?post=206"}],"version-history":[{"count":19,"href":"https:\/\/takabouger.ca\/index.php\/wp-json\/wp\/v2\/pages\/206\/revisions"}],"predecessor-version":[{"id":211,"href":"https:\/\/takabouger.ca\/index.php\/wp-json\/wp\/v2\/pages\/206\/revisions\/211"}],"wp:attachment":[{"href":"https:\/\/takabouger.ca\/index.php\/wp-json\/wp\/v2\/media?parent=206"}],"curies":[{"name":"wp","href":"https:\/\/api.w.org\/{rel}","templated":true}]}}